{"id":2442,"date":"2023-05-30T09:45:46","date_gmt":"2023-05-30T09:45:46","guid":{"rendered":"https:\/\/imp-intermetall.ch\/references\/"},"modified":"2023-06-12T09:05:50","modified_gmt":"2023-06-12T09:05:50","slug":"referenzen","status":"publish","type":"page","link":"https:\/\/imp-intermetall.ch\/de\/referenzen\/","title":{"rendered":"Referenzen"},"content":{"rendered":"<div class=\"fusion-fullwidth fullwidth-box fusion-builder-row-1 fusion-flex-container nonhundred-percent-fullwidth non-hundred-percent-height-scrolling\" style=\"--awb-border-radius-top-left:0px;--awb-border-radius-top-right:0px;--awb-border-radius-bottom-right:0px;--awb-border-radius-bottom-left:0px;--awb-padding-top:70px;--awb-padding-bottom:100px;--awb-padding-top-medium:70px;--awb-padding-bottom-medium:70px;--awb-padding-top-small:50px;--awb-padding-bottom-small:50px;\" ><div class=\"fusion-builder-row fusion-row fusion-flex-align-items-flex-start\" style=\"max-width:calc( 1200px + 0px );margin-left: calc(-0px \/ 2 );margin-right: calc(-0px \/ 2 );\"><div class=\"fusion-layout-column fusion_builder_column fusion-builder-column-0 fusion_builder_column_1_1 1_1 fusion-flex-column fusion-flex-align-self-center fusion-animated\" style=\"--awb-padding-top:80px;--awb-padding-right:80px;--awb-padding-bottom:80px;--awb-padding-left:80px;--awb-padding-top-small:50px;--awb-padding-right-small:50px;--awb-padding-bottom-small:50px;--awb-padding-left-small:50px;--awb-bg-size:cover;--awb-width-large:100%;--awb-margin-top-large:0px;--awb-spacing-right-large:0;--awb-margin-bottom-large:0px;--awb-spacing-left-large:0;--awb-width-medium:100%;--awb-order-medium:0;--awb-spacing-right-medium:0;--awb-spacing-left-medium:0;--awb-width-small:100%;--awb-order-small:1;--awb-spacing-right-small:0;--awb-spacing-left-small:0;\" data-animationType=\"fadeIn\" data-animationDuration=\"1.0\" data-animationOffset=\"top-into-view\" data-motion-effects=\"[{&quot;type&quot;:&quot;&quot;,&quot;scroll_type&quot;:&quot;transition&quot;,&quot;scroll_direction&quot;:&quot;up&quot;,&quot;transition_speed&quot;:&quot;1&quot;,&quot;fade_type&quot;:&quot;in&quot;,&quot;scale_type&quot;:&quot;up&quot;,&quot;initial_scale&quot;:&quot;1&quot;,&quot;max_scale&quot;:&quot;1.5&quot;,&quot;min_scale&quot;:&quot;0.5&quot;,&quot;initial_rotate&quot;:&quot;0&quot;,&quot;end_rotate&quot;:&quot;30&quot;,&quot;initial_blur&quot;:&quot;0&quot;,&quot;end_blur&quot;:&quot;3&quot;,&quot;start_element&quot;:&quot;top&quot;,&quot;start_viewport&quot;:&quot;bottom&quot;,&quot;end_element&quot;:&quot;bottom&quot;,&quot;end_viewport&quot;:&quot;top&quot;,&quot;mouse_effect&quot;:&quot;track&quot;,&quot;mouse_effect_direction&quot;:&quot;opposite&quot;,&quot;mouse_effect_speed&quot;:&quot;2&quot;,&quot;infinite_animation&quot;:&quot;float&quot;,&quot;infinite_animation_speed&quot;:&quot;2&quot;}]\" data-scroll-devices=\"small-visibility,medium-visibility,large-visibility\"><div class=\"fusion-column-wrapper fusion-column-has-shadow fusion-flex-justify-content-center fusion-content-layout-column\"><div class=\"fusion-image-element \" style=\"--awb-caption-title-font-family:var(--h2_typography-font-family);--awb-caption-title-font-weight:var(--h2_typography-font-weight);--awb-caption-title-font-style:var(--h2_typography-font-style);--awb-caption-title-size:var(--h2_typography-font-size);--awb-caption-title-transform:var(--h2_typography-text-transform);--awb-caption-title-line-height:var(--h2_typography-line-height);--awb-caption-title-letter-spacing:var(--h2_typography-letter-spacing);\"><span class=\" fusion-imageframe imageframe-none imageframe-1 hover-type-none\" class=\"image-magnify\" class=\"image-scroll\"><img decoding=\"async\" width=\"1500\" height=\"500\" title=\"planisfero\" src=\"https:\/\/imp-intermetall.ch\/wp-content\/uploads\/2023\/04\/planisfero.png\" data-orig-src=\"http:\/\/imp-intermetall.ch\/wp-content\/uploads\/2023\/04\/planisfero.png\" alt class=\"lazyload img-responsive wp-image-2253\" srcset=\"data:image\/svg+xml,%3Csvg%20xmlns%3D%27http%3A%2F%2Fwww.w3.org%2F2000%2Fsvg%27%20width%3D%271500%27%20height%3D%27500%27%20viewBox%3D%270%200%201500%20500%27%3E%3Crect%20width%3D%271500%27%20height%3D%27500%27%20fill-opacity%3D%220%22%2F%3E%3C%2Fsvg%3E\" data-srcset=\"https:\/\/imp-intermetall.ch\/wp-content\/uploads\/2023\/04\/planisfero-200x67.png 200w, https:\/\/imp-intermetall.ch\/wp-content\/uploads\/2023\/04\/planisfero-400x133.png 400w, https:\/\/imp-intermetall.ch\/wp-content\/uploads\/2023\/04\/planisfero-600x200.png 600w, https:\/\/imp-intermetall.ch\/wp-content\/uploads\/2023\/04\/planisfero-800x267.png 800w, https:\/\/imp-intermetall.ch\/wp-content\/uploads\/2023\/04\/planisfero-1200x400.png 1200w, https:\/\/imp-intermetall.ch\/wp-content\/uploads\/2023\/04\/planisfero.png 1500w\" data-sizes=\"auto\" data-orig-sizes=\"(max-width: 640px) 100vw, 1200px\" \/><\/span><\/div><div class=\"fusion-title title fusion-title-1 fusion-sep-none fusion-title-text fusion-title-size-two\" style=\"--awb-text-color:var(--awb-color2);--awb-margin-top:-10px;--awb-margin-bottom:30px;--awb-margin-top-small:0px;--awb-margin-bottom-small:30px;\"><h2 class=\"title-heading-left\" style=\"margin:0;letter-spacing:-1px;text-transform:uppercase;\">Referenzen<\/h2><\/div><div class=\"fusion-separator\" style=\"align-self: flex-start;margin-right:auto;margin-bottom:50px;width:100%;max-width:80px;\"><div class=\"fusion-separator-border sep-single sep-solid\" style=\"--awb-height:20px;--awb-amount:20px;--awb-sep-color:var(--awb-color4);border-color:var(--awb-color4);border-top-width:3px;\"><\/div><\/div><div class=\"fusion-text fusion-text-1\"><p><span style=\"color: #ffffff;\">Unsere Kunden befinden sich in mehr als 40 L\u00e4ndern der Welt. Bei diesen Unternehmen handelt es sich in der Regel um Stahlwerke, Ofenhersteller und W\u00e4rmebehandlungsunternehmen. Zu unseren wichtigsten Kunden z\u00e4hlen:<\/span><\/p>\n<\/div><div class=\"fusion-text fusion-text-2 fusion-text-no-margin\" style=\"--awb-text-color:var(--awb-color7);--awb-margin-bottom:30px;\"><ul>\n<li><span style=\"color: #ffffff;\"><strong>Ahmsa<\/strong>\u00a0\u2013 Mexico<\/span><\/li>\n<li><span style=\"color: #ffffff;\"><strong>AM\/NS<\/strong> &#8211; India, USA<\/span><\/li>\n<li><span style=\"color: #ffffff;\"><b>Atakas &#8211; <\/b>Turkey<\/span><\/li>\n<li><span style=\"color: #ffffff;\"><strong>Aichelin<\/strong> &#8211; Austria, Germany<\/span><\/li>\n<li><span style=\"color: #ffffff;\"><strong>ArcelorMittal<\/strong> \u2013 Belgium, Canada, France, Germany, Spain, USA<\/span><\/li>\n<li><span style=\"color: #ffffff;\"><strong>BSN\u200b<\/strong> &#8211; Germany<\/span><\/li>\n<li><span style=\"color: #ffffff;\"><strong>British Steel<\/strong> &#8211; UK<\/span><\/li>\n<li><span style=\"color: #ffffff;\"><strong>China Steel<\/strong> \u2013 Taiwan<\/span><\/li>\n<li><span style=\"color: #ffffff;\"><strong>Chung Hung Steel<\/strong> \u2013 Taiwan<\/span><\/li>\n<li><span style=\"color: #ffffff;\"><strong>Chugai Ro<\/strong> &#8211; Japan<\/span><\/li>\n<li><span style=\"color: #ffffff;\"><strong>Dillinger\/Rogesa<\/strong>\u00a0\u2013 Germany<\/span><\/li>\n<li><span style=\"color: #ffffff;\"><strong>Drever<\/strong>\u00a0\u2013 Belgium<\/span><\/li>\n<li><span style=\"color: #ffffff;\"><strong>Ebner<\/strong>\u00a0\u2013 Austria<\/span><\/li>\n<li><span style=\"color: #ffffff;\"><strong>Erdemir<\/strong>\u00a0\u2013 Turkey<\/span><\/li>\n<li><span style=\"color: #ffffff;\"><strong>Essar Steel<\/strong>\u00a0\u2013 India, USA, Canada<\/span><\/li>\n<li><span style=\"color: #ffffff;\"><strong>Friedberg<\/strong>\u00a0\u2013 Germany<\/span><\/li>\n<li><span style=\"color: #ffffff;\"><b>Fives Stein <\/b>\u2013 India<\/span><\/li>\n<li><span style=\"color: #ffffff;\"><b>Georgsmarienh\u00fctte <\/b>\u2013 Germany<\/span><\/li>\n<li><span style=\"color: #ffffff;\"><strong>Isdemir <\/strong>\u00a0\u2013 Turkey<\/span><\/li>\n<li><span style=\"color: #ffffff;\"><strong>Honeywell <\/strong>\u00a0\u2013 Germany<\/span><\/li>\n<li><span style=\"color: #ffffff;\"><strong>JSL <\/strong>&#8211; India<\/span><\/li>\n<li><span style=\"color: #ffffff;\"><strong>JSW <\/strong>&#8211; India<\/span><\/li>\n<li><span style=\"color: #ffffff;\"><strong>JSW-BPSL<\/strong> &#8211; India<\/span><\/li>\n<li><span style=\"color: #ffffff;\"><strong>MMK<\/strong>\u00a0\u2013 Turkey<\/span><\/li>\n<li><span style=\"color: #ffffff;\"><strong>Kullen-Koti<\/strong>\u00a0\u2013 Germany<\/span><\/li>\n<li><span style=\"color: #ffffff;\"><strong>Nucor <\/strong>\u00a0\u2013 USA<\/span><\/li>\n<li><span style=\"color: #ffffff;\"><strong>NKMZ<\/strong>\u00a0\u2013 Ukraina<\/span><\/li>\n<li><span style=\"color: #ffffff;\"><strong>NLMK<\/strong>\u00a0\u2013 Russia<\/span><\/li>\n<li><span style=\"color: #ffffff;\"><strong>Noxmat<\/strong>\u00a0\u2013 Germany<\/span><\/li>\n<li><span style=\"color: #ffffff;\"><strong>Outokumpu<\/strong>\u00a0\u2013 USA, Finnland<\/span><\/li>\n<li><span style=\"color: #ffffff;\"><strong>Primetals <\/strong>\u2013 Austria<\/span><\/li>\n<li><span style=\"color: #ffffff;\"><strong>Rexnord<\/strong>\u00a0\u2013 Germany<\/span><\/li>\n<li><span style=\"color: #ffffff;\"><strong>Salzgitter\u00a0<\/strong>\u2013 Germany<\/span><\/li>\n<li><span style=\"color: #ffffff;\"><strong>San Yung<\/strong>\u00a0\u2013 Taiwan<\/span><\/li>\n<li><span style=\"color: #ffffff;\"><strong>Sandvik\/Kanthal<\/strong>\u00a0\u2013 Turkey, Spain<\/span><\/li>\n<li><span style=\"color: #ffffff;\"><strong>Schwartz\u00a0<\/strong>\u2013 Germany<\/span><\/li>\n<li><span style=\"color: #ffffff;\"><strong>SMS\u00a0<\/strong>\u2013 Germany<\/span><\/li>\n<li><span style=\"color: #ffffff;\"><strong>SSAB<\/strong>\u00a0\u2013 Sweden, Finland<\/span><\/li>\n<li><span style=\"color: #ffffff;\"><strong>Stihl<\/strong>\u00a0\u2013 Switzerland, Germany<\/span><\/li>\n<li><span style=\"color: #ffffff;\"><strong>Steel Dynamics <\/strong>\u00a0\u2013 USA<\/span><\/li>\n<li><span style=\"color: #ffffff;\"><strong>Swiss Steel<\/strong>\u00a0\u2013 Switzerland<\/span><\/li>\n<li><span style=\"color: #ffffff;\"><strong>TATA Steel\u00a0<\/strong>\u2013 India, Netherland<\/span><\/li>\n<li><span style=\"color: #ffffff;\"><strong>Tenova \u2013 LOI<\/strong>\u00a0\u2013 Germany<\/span><\/li>\n<li><span style=\"color: #ffffff;\"><strong>Ternium<\/strong>\u00a0\u2013 Mexico<\/span><\/li>\n<li><span style=\"color: #ffffff;\"><strong>Tezcan<\/strong> &#8211; Turkey<\/span><\/li>\n<li><span style=\"color: #ffffff;\"><strong>Tosyali Toyo<\/strong> &#8211; Turkey<\/span><\/li>\n<li><span style=\"color: #ffffff;\"><strong>Toscelik<\/strong> &#8211; Turkey<\/span><\/li>\n<li><span style=\"color: #ffffff;\"><strong>ThyssenKrupp<\/strong> \u2013 France, Germany, USA, Spain<\/span><\/li>\n<li><span style=\"color: #ffffff;\"><strong>Voest Alpine\u00a0<\/strong>\u2013 Austria<\/span><\/li>\n<li><span style=\"color: #ffffff;\"><strong>Weidm\u00fcller<\/strong> &#8211; Germany\u200b<\/span><\/li>\n<li><span style=\"color: #ffffff;\"><strong>WS<\/strong>\u00a0\u2013 Germany<\/span><\/li>\n<li><span style=\"color: #ffffff;\"><strong>Yieh Phui<\/strong>\u00a0\u2013 Taiwan<\/span><\/li>\n<li><span style=\"color: #ffffff;\"><strong>Yildiz<\/strong> &#8211; Turkey\u200b<\/span><\/li>\n<\/ul>\n<\/div><\/div><\/div><\/div><\/div>\n","protected":false},"excerpt":{"rendered":"","protected":false},"author":1,"featured_media":0,"parent":0,"menu_order":0,"comment_status":"closed","ping_status":"closed","template":"","meta":{"footnotes":""},"class_list":["post-2442","page","type-page","status-publish","hentry"],"yoast_head":"<!-- This site is optimized with the Yoast SEO plugin v25.2 - https:\/\/yoast.com\/wordpress\/plugins\/seo\/ -->\n<title>Referenzen - IMP<\/title>\n<meta name=\"robots\" content=\"index, follow, max-snippet:-1, max-image-preview:large, max-video-preview:-1\" \/>\n<link rel=\"canonical\" href=\"https:\/\/imp-intermetall.ch\/de\/referenzen\/\" \/>\n<meta property=\"og:locale\" content=\"de_DE\" \/>\n<meta property=\"og:type\" content=\"article\" \/>\n<meta property=\"og:title\" content=\"Referenzen - IMP\" \/>\n<meta property=\"og:url\" content=\"https:\/\/imp-intermetall.ch\/de\/referenzen\/\" \/>\n<meta property=\"og:site_name\" content=\"IMP\" \/>\n<meta property=\"article:modified_time\" content=\"2023-06-12T09:05:50+00:00\" \/>\n<meta name=\"twitter:card\" content=\"summary_large_image\" \/>\n<meta name=\"twitter:label1\" content=\"Gesch\u00e4tzte Lesezeit\" \/>\n\t<meta name=\"twitter:data1\" content=\"3\u00a0Minuten\" \/>\n<script type=\"application\/ld+json\" class=\"yoast-schema-graph\">{\"@context\":\"https:\/\/schema.org\",\"@graph\":[{\"@type\":\"WebPage\",\"@id\":\"https:\/\/imp-intermetall.ch\/de\/referenzen\/\",\"url\":\"https:\/\/imp-intermetall.ch\/de\/referenzen\/\",\"name\":\"Referenzen - IMP\",\"isPartOf\":{\"@id\":\"https:\/\/imp-intermetall.ch\/#website\"},\"datePublished\":\"2023-05-30T09:45:46+00:00\",\"dateModified\":\"2023-06-12T09:05:50+00:00\",\"breadcrumb\":{\"@id\":\"https:\/\/imp-intermetall.ch\/de\/referenzen\/#breadcrumb\"},\"inLanguage\":\"de\",\"potentialAction\":[{\"@type\":\"ReadAction\",\"target\":[\"https:\/\/imp-intermetall.ch\/de\/referenzen\/\"]}]},{\"@type\":\"BreadcrumbList\",\"@id\":\"https:\/\/imp-intermetall.ch\/de\/referenzen\/#breadcrumb\",\"itemListElement\":[{\"@type\":\"ListItem\",\"position\":1,\"name\":\"Home\",\"item\":\"https:\/\/imp-intermetall.ch\/de\/\"},{\"@type\":\"ListItem\",\"position\":2,\"name\":\"Referenzen\"}]},{\"@type\":\"WebSite\",\"@id\":\"https:\/\/imp-intermetall.ch\/#website\",\"url\":\"https:\/\/imp-intermetall.ch\/\",\"name\":\"IMP\",\"description\":\"Special cast parts for high temperature use\",\"potentialAction\":[{\"@type\":\"SearchAction\",\"target\":{\"@type\":\"EntryPoint\",\"urlTemplate\":\"https:\/\/imp-intermetall.ch\/?s={search_term_string}\"},\"query-input\":{\"@type\":\"PropertyValueSpecification\",\"valueRequired\":true,\"valueName\":\"search_term_string\"}}],\"inLanguage\":\"de\"}]}<\/script>\n<!-- \/ Yoast SEO plugin. -->","yoast_head_json":{"title":"Referenzen - IMP","robots":{"index":"index","follow":"follow","max-snippet":"max-snippet:-1","max-image-preview":"max-image-preview:large","max-video-preview":"max-video-preview:-1"},"canonical":"https:\/\/imp-intermetall.ch\/de\/referenzen\/","og_locale":"de_DE","og_type":"article","og_title":"Referenzen - IMP","og_url":"https:\/\/imp-intermetall.ch\/de\/referenzen\/","og_site_name":"IMP","article_modified_time":"2023-06-12T09:05:50+00:00","twitter_card":"summary_large_image","twitter_misc":{"Gesch\u00e4tzte Lesezeit":"3\u00a0Minuten"},"schema":{"@context":"https:\/\/schema.org","@graph":[{"@type":"WebPage","@id":"https:\/\/imp-intermetall.ch\/de\/referenzen\/","url":"https:\/\/imp-intermetall.ch\/de\/referenzen\/","name":"Referenzen - IMP","isPartOf":{"@id":"https:\/\/imp-intermetall.ch\/#website"},"datePublished":"2023-05-30T09:45:46+00:00","dateModified":"2023-06-12T09:05:50+00:00","breadcrumb":{"@id":"https:\/\/imp-intermetall.ch\/de\/referenzen\/#breadcrumb"},"inLanguage":"de","potentialAction":[{"@type":"ReadAction","target":["https:\/\/imp-intermetall.ch\/de\/referenzen\/"]}]},{"@type":"BreadcrumbList","@id":"https:\/\/imp-intermetall.ch\/de\/referenzen\/#breadcrumb","itemListElement":[{"@type":"ListItem","position":1,"name":"Home","item":"https:\/\/imp-intermetall.ch\/de\/"},{"@type":"ListItem","position":2,"name":"Referenzen"}]},{"@type":"WebSite","@id":"https:\/\/imp-intermetall.ch\/#website","url":"https:\/\/imp-intermetall.ch\/","name":"IMP","description":"Special cast parts for high temperature use","potentialAction":[{"@type":"SearchAction","target":{"@type":"EntryPoint","urlTemplate":"https:\/\/imp-intermetall.ch\/?s={search_term_string}"},"query-input":{"@type":"PropertyValueSpecification","valueRequired":true,"valueName":"search_term_string"}}],"inLanguage":"de"}]}},"_links":{"self":[{"href":"https:\/\/imp-intermetall.ch\/de\/wp-json\/wp\/v2\/pages\/2442","targetHints":{"allow":["GET"]}}],"collection":[{"href":"https:\/\/imp-intermetall.ch\/de\/wp-json\/wp\/v2\/pages"}],"about":[{"href":"https:\/\/imp-intermetall.ch\/de\/wp-json\/wp\/v2\/types\/page"}],"author":[{"embeddable":true,"href":"https:\/\/imp-intermetall.ch\/de\/wp-json\/wp\/v2\/users\/1"}],"replies":[{"embeddable":true,"href":"https:\/\/imp-intermetall.ch\/de\/wp-json\/wp\/v2\/comments?post=2442"}],"version-history":[{"count":1,"href":"https:\/\/imp-intermetall.ch\/de\/wp-json\/wp\/v2\/pages\/2442\/revisions"}],"predecessor-version":[{"id":2443,"href":"https:\/\/imp-intermetall.ch\/de\/wp-json\/wp\/v2\/pages\/2442\/revisions\/2443"}],"wp:attachment":[{"href":"https:\/\/imp-intermetall.ch\/de\/wp-json\/wp\/v2\/media?parent=2442"}],"curies":[{"name":"wp","href":"https:\/\/api.w.org\/{rel}","templated":true}]}}